{"id":214,"date":"2020-04-13T11:18:52","date_gmt":"2020-04-13T11:18:52","guid":{"rendered":"https:\/\/formations-metiers-davenir.com\/index.php\/about\/"},"modified":"2024-08-02T16:51:26","modified_gmt":"2024-08-02T14:51:26","slug":"about","status":"publish","type":"page","link":"https:\/\/formations-metiers-davenir.com\/index.php\/about\/","title":{"rendered":"A propos"},"content":{"rendered":"\t\t<div data-elementor-type=\"wp-page\" data-elementor-id=\"214\" class=\"elementor elementor-214\" data-elementor-post-type=\"page\">\n\t\t\t\t\t\t<section class=\"elementor-section elementor-top-section elementor-element elementor-element-5131a13e elementor-section-content-middle elementor-section-stretched elementor-section-boxed elementor-section-height-default elementor-section-height-default\" data-id=\"5131a13e\" data-element_type=\"section\" data-settings=\"{&quot;background_background&quot;:&quot;classic&quot;,&quot;stretch_section&quot;:&quot;section-stretched&quot;}\">\n\t\t\t\t\t\t\t<div class=\"elementor-background-overlay\"><\/div>\n\t\t\t\t\t\t\t<div class=\"elementor-container elementor-column-gap-default\">\n\t\t\t\t\t<div class=\"elementor-column elementor-col-100 elementor-top-column elementor-element elementor-element-1053ca7a\" data-id=\"1053ca7a\" data-element_type=\"column\">\n\t\t\t<div class=\"elementor-widget-wrap elementor-element-populated\">\n\t\t\t\t\t\t<div class=\"elementor-element elementor-element-3d99e122 elementor-widget elementor-widget-heading\" data-id=\"3d99e122\" data-element_type=\"widget\" data-widget_type=\"heading.default\">\n\t\t\t\t<div class=\"elementor-widget-container\">\n\t\t\t\t\t<h1 class=\"elementor-heading-title elementor-size-default\">A propos de nous<\/h1>\t\t\t\t<\/div>\n\t\t\t\t<\/div>\n\t\t\t\t\t<\/div>\n\t\t<\/div>\n\t\t\t\t\t<\/div>\n\t\t<\/section>\n\t\t<div class=\"elementor-element elementor-element-fbdab0e e-flex e-con-boxed e-con e-parent\" data-id=\"fbdab0e\" data-element_type=\"container\">\n\t\t\t\t\t<div class=\"e-con-inner\">\n\t\t<div class=\"elementor-element elementor-element-f05823c e-con-full e-flex e-con e-child\" data-id=\"f05823c\" data-element_type=\"container\">\n\t\t\t\t<div class=\"elementor-element elementor-element-165a82d elementor-widget elementor-widget-image\" data-id=\"165a82d\" data-element_type=\"widget\" data-widget_type=\"image.default\">\n\t\t\t\t<div class=\"elementor-widget-container\">\n\t\t\t\t\t\t\t\t\t\t\t\t\t\t\t<img fetchpriority=\"high\" decoding=\"async\" width=\"1024\" height=\"576\" src=\"https:\/\/formations-metiers-davenir.com\/wp-content\/uploads\/2023\/10\/00045.MTS_.00_00_03_03.Still001-1-1024x576.jpg\" class=\"attachment-large size-large wp-image-427\" alt=\"\" srcset=\"https:\/\/formations-metiers-davenir.com\/wp-content\/uploads\/2023\/10\/00045.MTS_.00_00_03_03.Still001-1-1024x576.jpg 1024w, https:\/\/formations-metiers-davenir.com\/wp-content\/uploads\/2023\/10\/00045.MTS_.00_00_03_03.Still001-1-300x169.jpg 300w, https:\/\/formations-metiers-davenir.com\/wp-content\/uploads\/2023\/10\/00045.MTS_.00_00_03_03.Still001-1-768x432.jpg 768w, https:\/\/formations-metiers-davenir.com\/wp-content\/uploads\/2023\/10\/00045.MTS_.00_00_03_03.Still001-1-1536x864.jpg 1536w, https:\/\/formations-metiers-davenir.com\/wp-content\/uploads\/2023\/10\/00045.MTS_.00_00_03_03.Still001-1.jpg 1920w\" sizes=\"(max-width: 1024px) 100vw, 1024px\" \/>\t\t\t\t\t\t\t\t\t\t\t\t\t\t\t<\/div>\n\t\t\t\t<\/div>\n\t\t\t\t<\/div>\n\t\t<div class=\"elementor-element elementor-element-814eed1 e-con-full e-flex e-con e-child\" data-id=\"814eed1\" data-element_type=\"container\">\n\t\t\t\t<div class=\"elementor-element elementor-element-dce52fd elementor-widget elementor-widget-image\" data-id=\"dce52fd\" data-element_type=\"widget\" data-widget_type=\"image.default\">\n\t\t\t\t<div class=\"elementor-widget-container\">\n\t\t\t\t\t\t\t\t\t\t\t\t\t\t\t<img decoding=\"async\" width=\"1024\" height=\"576\" src=\"https:\/\/formations-metiers-davenir.com\/wp-content\/uploads\/2023\/10\/00047.MTS_.00_00_02_01.Still001-1-1024x576.jpg\" class=\"attachment-large size-large wp-image-440\" alt=\"\" srcset=\"https:\/\/formations-metiers-davenir.com\/wp-content\/uploads\/2023\/10\/00047.MTS_.00_00_02_01.Still001-1-1024x576.jpg 1024w, https:\/\/formations-metiers-davenir.com\/wp-content\/uploads\/2023\/10\/00047.MTS_.00_00_02_01.Still001-1-300x169.jpg 300w, https:\/\/formations-metiers-davenir.com\/wp-content\/uploads\/2023\/10\/00047.MTS_.00_00_02_01.Still001-1-768x432.jpg 768w, https:\/\/formations-metiers-davenir.com\/wp-content\/uploads\/2023\/10\/00047.MTS_.00_00_02_01.Still001-1-1536x864.jpg 1536w, https:\/\/formations-metiers-davenir.com\/wp-content\/uploads\/2023\/10\/00047.MTS_.00_00_02_01.Still001-1.jpg 1920w\" sizes=\"(max-width: 1024px) 100vw, 1024px\" \/>\t\t\t\t\t\t\t\t\t\t\t\t\t\t\t<\/div>\n\t\t\t\t<\/div>\n\t\t\t\t<\/div>\n\t\t<div class=\"elementor-element elementor-element-986511d e-con-full e-flex e-con e-child\" data-id=\"986511d\" data-element_type=\"container\">\n\t\t\t\t<div class=\"elementor-element elementor-element-0bbcfd4 elementor-widget elementor-widget-text-editor\" data-id=\"0bbcfd4\" data-element_type=\"widget\" data-widget_type=\"text-editor.default\">\n\t\t\t\t<div class=\"elementor-widget-container\">\n\t\t\t\t\t\t\t\t\t<div style=\"text-align: left;\">\n<h2 class=\" font-weight-bold text-cap text-center mt-5\" style=\"text-align: center;\">ORIGINE ET HISTOIRE<\/h2>\n<p>Apr\u00e8s plus d\u2019une d\u00e9cennie de pratique dans le domaine de l\u2019h\u00f4tellerie et du tourisme avec GANNA H\u00d4TEL \u00e0 grand Popo et CRISTAL TOURS \u00e0 Cotonou, le constat d\u2019un manque de pr\u00e9cision dans la formation des employ\u00e9s s\u2019est r\u00e9v\u00e9l\u00e9 comme un frein \u00e0 la qualit\u00e9 de service souhait\u00e9e. Pour pallier cette insuffisance, Monsieur TOSSOU Pierre-Claver, promoteur de GANNA H\u00d4TEL a lanc\u00e9 avec une \u00e9quipe de professionnels r\u00e9put\u00e9s, le Coll\u00e8ge Priv\u00e9 d\u2019Enseignement Technique en H\u00f4tellerie, Restauration et Tourisme(CPET-HT) sous l\u2019autorisation num\u00e9ro 044\/M3STFPP\/DC\/SGM\/DIP\/IG\/D3TPP\/DPAP\/SG81\/SAOSOSGG2021.<\/p>\n<p>Aussi, faut il ajouter que le constat de l\u2019\u00e9cart entre les formations re\u00e7ues et les exigences du march\u00e9 se sont renforc\u00e9es par l\u2019afflux de stagiaires voulant profiter de la rigueur dans la mise \u00e0 jour des comp\u00e9tences qui op\u00e8re \u00e0 GANNA H\u00d4TEL.<\/p>\n<p>Il est cr\u00e9\u00e9 pour tous ceux qui aspirent \u00e0 une formation pointue avec des opportunit\u00e9s d\u2019exercer dans des H\u00f4tels de renom que ce soit au B\u00e9nin ou \u00e0 l\u2019international. Le programme acad\u00e9mique qui y sera dispens\u00e9 est celui homologu\u00e9 par le minist\u00e8re des Enseignements Secondaire, Technique et de la Formation Professionnelle. Les formations seront donc sanctionn\u00e9es par des dipl\u00f4mes nationaux.<\/p>\n<p>Il est pr\u00e9vu des bourses d\u2019\u00e9tudes et de renforcement de capacit\u00e9 pour les meilleurs \u00e9l\u00e8ves, leur permettant de pouvoir faire des stages en Turquie.<\/p><\/div>\t\t\t\t\t\t\t\t<\/div>\n\t\t\t\t<\/div>\n\t\t\t\t<\/div>\n\t\t\t\t\t<\/div>\n\t\t\t\t<\/div>\n\t\t<div class=\"elementor-element elementor-element-4987d6f e-flex e-con-boxed e-con e-parent\" data-id=\"4987d6f\" data-element_type=\"container\">\n\t\t\t\t\t<div class=\"e-con-inner\">\n\t\t<div class=\"elementor-element elementor-element-95317b8 e-con-full e-flex e-con e-child\" data-id=\"95317b8\" data-element_type=\"container\">\n\t\t\t\t<div class=\"elementor-element elementor-element-4f0d567 elementor-widget elementor-widget-image\" data-id=\"4f0d567\" data-element_type=\"widget\" data-widget_type=\"image.default\">\n\t\t\t\t<div class=\"elementor-widget-container\">\n\t\t\t\t\t\t\t\t\t\t\t\t\t\t\t<img decoding=\"async\" width=\"1024\" height=\"576\" src=\"https:\/\/formations-metiers-davenir.com\/wp-content\/uploads\/2023\/10\/00057.MTS_.00_00_12_21.Still001-1-1024x576.jpg\" class=\"attachment-large size-large wp-image-441\" alt=\"\" srcset=\"https:\/\/formations-metiers-davenir.com\/wp-content\/uploads\/2023\/10\/00057.MTS_.00_00_12_21.Still001-1-1024x576.jpg 1024w, https:\/\/formations-metiers-davenir.com\/wp-content\/uploads\/2023\/10\/00057.MTS_.00_00_12_21.Still001-1-300x169.jpg 300w, https:\/\/formations-metiers-davenir.com\/wp-content\/uploads\/2023\/10\/00057.MTS_.00_00_12_21.Still001-1-768x432.jpg 768w, https:\/\/formations-metiers-davenir.com\/wp-content\/uploads\/2023\/10\/00057.MTS_.00_00_12_21.Still001-1-1536x864.jpg 1536w, https:\/\/formations-metiers-davenir.com\/wp-content\/uploads\/2023\/10\/00057.MTS_.00_00_12_21.Still001-1.jpg 1920w\" sizes=\"(max-width: 1024px) 100vw, 1024px\" \/>\t\t\t\t\t\t\t\t\t\t\t\t\t\t\t<\/div>\n\t\t\t\t<\/div>\n\t\t\t\t<\/div>\n\t\t<div class=\"elementor-element elementor-element-b80c8ac e-con-full e-flex e-con e-child\" data-id=\"b80c8ac\" data-element_type=\"container\">\n\t\t\t\t<div class=\"elementor-element elementor-element-b1c0582 elementor-widget elementor-widget-image\" data-id=\"b1c0582\" data-element_type=\"widget\" data-widget_type=\"image.default\">\n\t\t\t\t<div class=\"elementor-widget-container\">\n\t\t\t\t\t\t\t\t\t\t\t\t\t\t\t<img loading=\"lazy\" decoding=\"async\" width=\"1024\" height=\"576\" src=\"https:\/\/formations-metiers-davenir.com\/wp-content\/uploads\/2023\/10\/hotel-ganna.mp4.00_01_38_16.Still019-1024x576.jpg\" class=\"attachment-large size-large wp-image-442\" alt=\"\" srcset=\"https:\/\/formations-metiers-davenir.com\/wp-content\/uploads\/2023\/10\/hotel-ganna.mp4.00_01_38_16.Still019-1024x576.jpg 1024w, https:\/\/formations-metiers-davenir.com\/wp-content\/uploads\/2023\/10\/hotel-ganna.mp4.00_01_38_16.Still019-300x169.jpg 300w, https:\/\/formations-metiers-davenir.com\/wp-content\/uploads\/2023\/10\/hotel-ganna.mp4.00_01_38_16.Still019-768x432.jpg 768w, https:\/\/formations-metiers-davenir.com\/wp-content\/uploads\/2023\/10\/hotel-ganna.mp4.00_01_38_16.Still019-1536x864.jpg 1536w, https:\/\/formations-metiers-davenir.com\/wp-content\/uploads\/2023\/10\/hotel-ganna.mp4.00_01_38_16.Still019.jpg 1920w\" sizes=\"(max-width: 1024px) 100vw, 1024px\" \/>\t\t\t\t\t\t\t\t\t\t\t\t\t\t\t<\/div>\n\t\t\t\t<\/div>\n\t\t\t\t<\/div>\n\t\t<div class=\"elementor-element elementor-element-8e95d94 e-con-full e-flex e-con e-child\" data-id=\"8e95d94\" data-element_type=\"container\">\n\t\t\t\t<div class=\"elementor-element elementor-element-d11ff10 elementor-widget elementor-widget-text-editor\" data-id=\"d11ff10\" data-element_type=\"widget\" data-widget_type=\"text-editor.default\">\n\t\t\t\t<div class=\"elementor-widget-container\">\n\t\t\t\t\t\t\t\t\t<h2 class=\" font-weight-bold text-cap text-center mt-5\" style=\"text-align: center;\">NOS ATOUTS<\/h2>\n<ul>\n \t<li>L\u2019\u00e9cole appartient \u00e0 un \u00e9cosyst\u00e8me dynamique compos\u00e9 d\u2019un grand h\u00f4tel de renom et d\u2019une agence de voyage et de tourisme r\u00e9put\u00e9e au niveau national et international. L\u2019\u00e9cole est log\u00e9e au sein de GANNA H\u00d4TEL de Grand Popo, ce qui favorisera une immersion dans le domaine professionnel d\u00e8s les premiers jours de classe. Cet \u00e9cosyst\u00e8me offre \u00e0 l\u2019apprenant tant en H\u00f4tellerie, Restauration qu\u2019en Tourisme de disposer d\u2019environnement de pratique ad\u00e9quat et garanti.<\/li>\n \t<li>L\u2019\u00e9cole dispose d\u2019un corps professoral jeune et dynamique, au fait des derni\u00e8res innovations dans le secteur.<\/li>\n \t<li>Les cours th\u00e9oriques occuperont 40% du temps contre 60% de pratique.<\/li>\n \t<li>La formation est dipl\u00f4mante et en sus du dipl\u00f4me de fin de formation, il sera d\u00e9livr\u00e9 aux candidats admis une attestation de fin de stage et une attestation de m\u00e9tier ex\u00e9cut\u00e9 susceptible de tenir lieu de \u00e9preuve d\u2019une exp\u00e9rience professionnelle d\u2019un an.<\/li>\n \t<li>Nos meilleurs \u00e9l\u00e8ves b\u00e9n\u00e9ficieront de stage \u00e0 l\u2019\u00e9tranger notamment en Turquie du fait des partenariats sign\u00e9s avec des structures h\u00f4teli\u00e8res de ce pays.<\/li>\n \t<li>L\u2019\u00e9cole offre un r\u00e9gime d\u2019internat pour les apprenants venant de loin. Ceci offre une s\u00e9curit\u00e9 et une suret\u00e9 dans les mouvements.<\/li>\n \t<li>Des s\u00e9ances d\u2019\u00e9tude et de r\u00e9visions sont programm\u00e9es et surveill\u00e9es. Le temps de loisir est r\u00e8glement\u00e9. L\u2019agenda acad\u00e9mique des apprenants est donc rationnellement planifi\u00e9 durant les 3 ann\u00e9es de formation pour leur garantir un succ\u00e8s absolu.<\/li>\n \t<li>Une cantine est disponible pour les apprenants qui y aurait souscrit<\/li>\n \t<li>Une boite \u00e0 pharmacie est disponible dans l\u2019\u00e9cole pour les premiers soins<\/li>\n \t<li>Chaque classe dispose d\u2019extincteur<\/li>\n<\/ul>\t\t\t\t\t\t\t\t<\/div>\n\t\t\t\t<\/div>\n\t\t\t\t<\/div>\n\t\t\t\t\t<\/div>\n\t\t\t\t<\/div>\n\t\t\t\t<\/div>\n\t\t","protected":false},"excerpt":{"rendered":"<p>A propos de nous ORIGINE ET HISTOIRE Apr\u00e8s plus d\u2019une d\u00e9cennie de pratique dans le domaine de l\u2019h\u00f4tellerie et du tourisme avec GANNA H\u00d4TEL \u00e0 grand Popo et CRISTAL TOURS \u00e0 Cotonou, le constat d\u2019un manque de pr\u00e9cision dans la formation des employ\u00e9s s\u2019est r\u00e9v\u00e9l\u00e9 comme un frein \u00e0 la qualit\u00e9 de service souhait\u00e9e. Pour &hellip;<\/p>\n<p class=\"read-more\"> <a class=\"\" href=\"https:\/\/formations-metiers-davenir.com\/index.php\/about\/\"> <span class=\"screen-reader-text\">A propos<\/span> Lire la suite\u00a0\u00bb<\/a><\/p>\n","protected":false},"author":1,"featured_media":0,"parent":0,"menu_order":0,"comment_status":"closed","ping_status":"closed","template":"","meta":{"site-sidebar-layout":"no-sidebar","site-content-layout":"page-builder","ast-site-content-layout":"full-width-container","site-content-style":"unboxed","site-sidebar-style":"unboxed","ast-global-header-display":"","ast-banner-title-visibility":"","ast-main-header-display":"","ast-hfb-above-header-display":"","ast-hfb-below-header-display":"","ast-hfb-mobile-header-display":"","site-post-title":"disabled","ast-breadcrumbs-content":"","ast-featured-img":"","footer-sml-layout":"","theme-transparent-header-meta":"enabled","adv-header-id-meta":"","stick-header-meta":"","header-above-stick-meta":"","header-main-stick-meta":"","header-below-stick-meta":"","astra-migrate-meta-layouts":"set","footnotes":""},"class_list":["post-214","page","type-page","status-publish","hentry"],"aioseo_notices":[],"_links":{"self":[{"href":"https:\/\/formations-metiers-davenir.com\/index.php\/wp-json\/wp\/v2\/pages\/214","targetHints":{"allow":["GET"]}}],"collection":[{"href":"https:\/\/formations-metiers-davenir.com\/index.php\/wp-json\/wp\/v2\/pages"}],"about":[{"href":"https:\/\/formations-metiers-davenir.com\/index.php\/wp-json\/wp\/v2\/types\/page"}],"author":[{"embeddable":true,"href":"https:\/\/formations-metiers-davenir.com\/index.php\/wp-json\/wp\/v2\/users\/1"}],"replies":[{"embeddable":true,"href":"https:\/\/formations-metiers-davenir.com\/index.php\/wp-json\/wp\/v2\/comments?post=214"}],"version-history":[{"count":20,"href":"https:\/\/formations-metiers-davenir.com\/index.php\/wp-json\/wp\/v2\/pages\/214\/revisions"}],"predecessor-version":[{"id":634,"href":"https:\/\/formations-metiers-davenir.com\/index.php\/wp-json\/wp\/v2\/pages\/214\/revisions\/634"}],"wp:attachment":[{"href":"https:\/\/formations-metiers-davenir.com\/index.php\/wp-json\/wp\/v2\/media?parent=214"}],"curies":[{"name":"wp","href":"https:\/\/api.w.org\/{rel}","templated":true}]}}